{"id":100,"date":"2021-08-19T12:31:02","date_gmt":"2021-08-19T12:31:02","guid":{"rendered":"https:\/\/chamssarouise.eu\/about\/"},"modified":"2022-10-04T15:44:59","modified_gmt":"2022-10-04T15:44:59","slug":"about","status":"publish","type":"page","link":"https:\/\/chamssarouise.eu\/fr\/about\/","title":{"rendered":"\u00c0 propos"},"content":{"rendered":"<p>Etre architecte. J\u2019ai pour principe fondamental d\u2019entrem\u00ealer l\u2019architecture au paysage. Indivisibles, ils orientent mon \u00e9criture et orchestrent mes actions. L\u2019ensemble donne forme \u00e0 une architecture narrative par laquelle je contemple les choses pour me tenir \u00e0 distance. J\u2019observe les villes et leurs morphologies dans l\u2019espoir de transformer de minuscules d\u00e9tails en arch\u00e9types. Je b\u00e2tis mon propre langage. Je me fabrique une anatomie structurelle. J\u2019en fais une m\u00e9thode qui m\u2019aide \u00e0 r\u00e9tablir la coh\u00e9rence entre le fragment et l\u2019ensemble, entre l\u2019\u00e9chelle domestique et les pr\u00e9occupations territoriales.<br \/>\nMais ce travail m\u00e9thodique n\u2019est pas une finalit\u00e9 en soi ; il est au service d\u2019une aspiration qui trouve sa source vive dans l\u2019int\u00e9r\u00eat public, dans l\u2019id\u00e9e d\u2019entrevoir au sein de l\u2019architecture un art noble et d\u00e9licat capable de transformer la mati\u00e8re en patrimoine.<\/p>\n","protected":false},"excerpt":{"rendered":"<p>Etre architecte. J\u2019ai pour principe fondamental d\u2019entrem\u00ealer l\u2019architecture au paysage. Indivisibles, ils orientent mon \u00e9criture et orchestrent mes actions. L\u2019ensemble donne forme \u00e0 une architecture narrative par laquelle je contemple les choses pour me tenir \u00e0 distance. J\u2019observe les villes et leurs morphologies dans l\u2019espoir de transformer de minuscules d\u00e9tails en arch\u00e9types. Je b\u00e2tis mon [&hellip;]<\/p>\n","protected":false},"author":1,"featured_media":93,"parent":0,"menu_order":0,"comment_status":"closed","ping_status":"closed","template":"template\/page-about.php","meta":{"_acf_changed":false,"footnotes":""},"class_list":["post-100","page","type-page","status-publish","has-post-thumbnail","hentry"],"acf":[],"_links":{"self":[{"href":"https:\/\/chamssarouise.eu\/fr\/wp-json\/wp\/v2\/pages\/100","targetHints":{"allow":["GET"]}}],"collection":[{"href":"https:\/\/chamssarouise.eu\/fr\/wp-json\/wp\/v2\/pages"}],"about":[{"href":"https:\/\/chamssarouise.eu\/fr\/wp-json\/wp\/v2\/types\/page"}],"author":[{"embeddable":true,"href":"https:\/\/chamssarouise.eu\/fr\/wp-json\/wp\/v2\/users\/1"}],"replies":[{"embeddable":true,"href":"https:\/\/chamssarouise.eu\/fr\/wp-json\/wp\/v2\/comments?post=100"}],"version-history":[{"count":28,"href":"https:\/\/chamssarouise.eu\/fr\/wp-json\/wp\/v2\/pages\/100\/revisions"}],"predecessor-version":[{"id":854,"href":"https:\/\/chamssarouise.eu\/fr\/wp-json\/wp\/v2\/pages\/100\/revisions\/854"}],"wp:featuredmedia":[{"embeddable":true,"href":"https:\/\/chamssarouise.eu\/fr\/wp-json\/wp\/v2\/media\/93"}],"wp:attachment":[{"href":"https:\/\/chamssarouise.eu\/fr\/wp-json\/wp\/v2\/media?parent=100"}],"curies":[{"name":"wp","href":"https:\/\/api.w.org\/{rel}","templated":true}]}}